{"id":8,"date":"2019-11-01T10:03:57","date_gmt":"2019-11-01T10:03:57","guid":{"rendered":"http:\/\/sim-sala-bam.de\/?page_id=8"},"modified":"2019-11-30T07:31:57","modified_gmt":"2019-11-30T07:31:57","slug":"ueber-uns","status":"publish","type":"page","link":"https:\/\/sim-sala-bam.de\/?page_id=8","title":{"rendered":"\u00dcber uns"},"content":{"rendered":"\n<p>Wir sind 18 magiebegeisterte Chemiesch\u00fclerinnen und -sch\u00fcler der Jahrgangsstufe Q1, die in diesem Schuljahr den Projektkurs Chemie belegen und f\u00fcr den Schnuppertag 2019 eine kleine Magieshow vorbereitet haben.<\/p>\n\n\n\n<p>Lassen Sie sich \u00fcberraschen!<\/p>\n\n\n\n<figure class=\"wp-block-image size-large\"><img loading=\"lazy\" decoding=\"async\" width=\"1024\" height=\"683\" src=\"http:\/\/sim-sala-bam.de\/wp-content\/uploads\/2019\/11\/shutterstock_307506314-1024x683.jpeg\" alt=\"\" class=\"wp-image-229\" srcset=\"https:\/\/sim-sala-bam.de\/wp-content\/uploads\/2019\/11\/shutterstock_307506314-1024x683.jpeg 1024w, https:\/\/sim-sala-bam.de\/wp-content\/uploads\/2019\/11\/shutterstock_307506314-300x200.jpeg 300w, https:\/\/sim-sala-bam.de\/wp-content\/uploads\/2019\/11\/shutterstock_307506314-768x512.jpeg 768w, https:\/\/sim-sala-bam.de\/wp-content\/uploads\/2019\/11\/shutterstock_307506314.jpeg 1280w\" sizes=\"auto, (max-width: 1024px) 100vw, 1024px\" \/><\/figure>\n","protected":false},"excerpt":{"rendered":"<p>Wir sind 18 magiebegeisterte Chemiesch\u00fclerinnen und -sch\u00fcler der Jahrgangsstufe Q1, die in diesem Schuljahr den Projektkurs Chemie belegen und f\u00fcr den Schnuppertag 2019 eine kleine Magieshow vorbereitet haben. Lassen Sie sich \u00fcberraschen!<\/p>\n","protected":false},"author":1,"featured_media":0,"parent":0,"menu_order":0,"comment_status":"closed","ping_status":"closed","template":"","meta":{"footnotes":""},"class_list":["post-8","page","type-page","status-publish"],"_links":{"self":[{"href":"https:\/\/sim-sala-bam.de\/index.php?rest_route=\/wp\/v2\/pages\/8","targetHints":{"allow":["GET"]}}],"collection":[{"href":"https:\/\/sim-sala-bam.de\/index.php?rest_route=\/wp\/v2\/pages"}],"about":[{"href":"https:\/\/sim-sala-bam.de\/index.php?rest_route=\/wp\/v2\/types\/page"}],"author":[{"embeddable":true,"href":"https:\/\/sim-sala-bam.de\/index.php?rest_route=\/wp\/v2\/users\/1"}],"replies":[{"embeddable":true,"href":"https:\/\/sim-sala-bam.de\/index.php?rest_route=%2Fwp%2Fv2%2Fcomments&post=8"}],"version-history":[{"count":4,"href":"https:\/\/sim-sala-bam.de\/index.php?rest_route=\/wp\/v2\/pages\/8\/revisions"}],"predecessor-version":[{"id":258,"href":"https:\/\/sim-sala-bam.de\/index.php?rest_route=\/wp\/v2\/pages\/8\/revisions\/258"}],"wp:attachment":[{"href":"https:\/\/sim-sala-bam.de\/index.php?rest_route=%2Fwp%2Fv2%2Fmedia&parent=8"}],"curies":[{"name":"wp","href":"https:\/\/api.w.org\/{rel}","templated":true}]}}