{"id":218,"date":"2019-11-28T15:34:54","date_gmt":"2019-11-28T15:34:54","guid":{"rendered":"http:\/\/sim-sala-bam.de\/?page_id=218"},"modified":"2019-11-29T14:40:40","modified_gmt":"2019-11-29T14:40:40","slug":"bengalisches-feuer-fuer-eltern","status":"publish","type":"page","link":"https:\/\/sim-sala-bam.de\/?page_id=218","title":{"rendered":"Bengalisches Feuer (f\u00fcr Eltern)"},"content":{"rendered":"\n<p>Die wohl bekanntesten Beispiele f\u00fcr Flammenf\u00e4rbung sind Alkalimetalle. Um die Flammenf\u00e4rbung zu erkl\u00e4ren, nehmen wir Natrium (Na) als Beispiel. <\/p>\n\n\n\n<p>Sobald das Natrium in die Flamme gehalten wird, verf\u00e4rbt sich diese gelblich. Dies geschieht, weil ein Elektron durch die thermische Energie der Flamme angeregt wird und sich somit in einem h\u00f6heren energetischen Niveau befindet. Im Schalenmodell betrachtet springt es also von der 2. Schale (L-Schale) in die 3. Schale (M-Schale). Das Elektron f\u00e4llt jedoch es innerhalb von 1\/1000000000\u00a0Sekunde wieder in seine urspr\u00fcngliche Schale zur\u00fcck. Dieser Prozess passiert immer und immer wieder. Die Energie wird dabei in Form von Photonen (Licht) abgegeben. Je nach Energieniveau haben die Lichtwellen andere Frequenzen bzw. Wellenl\u00e4ngen. Deswegen sehen wir die verschiedenen Farben.<\/p>\n","protected":false},"excerpt":{"rendered":"<p>Die wohl bekanntesten Beispiele f\u00fcr Flammenf\u00e4rbung sind Alkalimetalle. Um die Flammenf\u00e4rbung zu erkl\u00e4ren, nehmen wir Natrium (Na) als Beispiel. Sobald das Natrium in die Flamme gehalten wird, verf\u00e4rbt sich diese gelblich. Dies geschieht, weil ein Elektron durch die thermische Energie der Flamme angeregt wird und sich somit in einem h\u00f6heren energetischen Niveau befindet. Im Schalenmodell &#8230; <a title=\"Bengalisches Feuer (f\u00fcr Eltern)\" class=\"read-more\" href=\"https:\/\/sim-sala-bam.de\/?page_id=218\" aria-label=\"Mehr Informationen \u00fcber Bengalisches Feuer (f\u00fcr Eltern)\">Weiterlesen<\/a><\/p>\n","protected":false},"author":1,"featured_media":0,"parent":0,"menu_order":0,"comment_status":"closed","ping_status":"closed","template":"","meta":{"footnotes":""},"class_list":["post-218","page","type-page","status-publish"],"_links":{"self":[{"href":"https:\/\/sim-sala-bam.de\/index.php?rest_route=\/wp\/v2\/pages\/218","targetHints":{"allow":["GET"]}}],"collection":[{"href":"https:\/\/sim-sala-bam.de\/index.php?rest_route=\/wp\/v2\/pages"}],"about":[{"href":"https:\/\/sim-sala-bam.de\/index.php?rest_route=\/wp\/v2\/types\/page"}],"author":[{"embeddable":true,"href":"https:\/\/sim-sala-bam.de\/index.php?rest_route=\/wp\/v2\/users\/1"}],"replies":[{"embeddable":true,"href":"https:\/\/sim-sala-bam.de\/index.php?rest_route=%2Fwp%2Fv2%2Fcomments&post=218"}],"version-history":[{"count":2,"href":"https:\/\/sim-sala-bam.de\/index.php?rest_route=\/wp\/v2\/pages\/218\/revisions"}],"predecessor-version":[{"id":241,"href":"https:\/\/sim-sala-bam.de\/index.php?rest_route=\/wp\/v2\/pages\/218\/revisions\/241"}],"wp:attachment":[{"href":"https:\/\/sim-sala-bam.de\/index.php?rest_route=%2Fwp%2Fv2%2Fmedia&parent=218"}],"curies":[{"name":"wp","href":"https:\/\/api.w.org\/{rel}","templated":true}]}}