{"id":215,"date":"2019-11-28T15:22:53","date_gmt":"2019-11-28T15:22:53","guid":{"rendered":"http:\/\/sim-sala-bam.de\/?page_id=215"},"modified":"2019-11-30T06:27:59","modified_gmt":"2019-11-30T06:27:59","slug":"bengalisches-feuer-fuer-kinder","status":"publish","type":"page","link":"https:\/\/sim-sala-bam.de\/?page_id=215","title":{"rendered":"Bengalisches Feuer (f\u00fcr kleine Forscher)"},"content":{"rendered":"\n<div class=\"wp-block-media-text alignwide\"><figure class=\"wp-block-media-text__media\"><img loading=\"lazy\" decoding=\"async\" width=\"768\" height=\"1024\" src=\"http:\/\/sim-sala-bam.de\/wp-content\/uploads\/2019\/11\/maskottchen-768x1024.png\" alt=\"\" class=\"wp-image-225\" srcset=\"https:\/\/sim-sala-bam.de\/wp-content\/uploads\/2019\/11\/maskottchen-768x1024.png 768w, https:\/\/sim-sala-bam.de\/wp-content\/uploads\/2019\/11\/maskottchen-225x300.png 225w, https:\/\/sim-sala-bam.de\/wp-content\/uploads\/2019\/11\/maskottchen-1152x1536.png 1152w, https:\/\/sim-sala-bam.de\/wp-content\/uploads\/2019\/11\/maskottchen-1536x2048.png 1536w, https:\/\/sim-sala-bam.de\/wp-content\/uploads\/2019\/11\/maskottchen-scaled.png 1920w\" sizes=\"auto, (max-width: 768px) 100vw, 768px\" \/><\/figure><div class=\"wp-block-media-text__content\">\n<p class=\"has-normal-font-size\">Metallsalze, besonders Alkalimetallsalze, haben eine f\u00fcr sie typische Farbe, wenn man sie in eine Flamme h\u00e4lt. Jedes dieser Salze sieht anderes aus &#8211; dies gilt auch f\u00fcr die molekulare Ebene (also f\u00fcr die ganz ganz ganz kleinen Teilchen, aus denen die Salze bestehen). <\/p>\n\n\n\n<p>Da sie so verschieden aussehen, haben sie alle eine andere Farbe, wenn sie mit Feuer in Kontakt kommen. Die Flamme beeinflusst die Teilchen so, dass sie in Schwingungen kommen und somit Lichtwellen erzeugen. Diese Lichtwellen sind von Salz zu Salz unterschiedlich kurz oder lang. Daher sehen wir die bunten Farben der Flamme, wenn wir die Metallsalze in die Flamme halten.<\/p>\n<\/div><\/div>\n\n\n\n<figure class=\"wp-block-image size-large\"><img loading=\"lazy\" decoding=\"async\" width=\"1024\" height=\"683\" src=\"http:\/\/sim-sala-bam.de\/wp-content\/uploads\/2019\/11\/shutterstock_307506314-1024x683.jpeg\" alt=\"\" class=\"wp-image-229\" srcset=\"https:\/\/sim-sala-bam.de\/wp-content\/uploads\/2019\/11\/shutterstock_307506314-1024x683.jpeg 1024w, https:\/\/sim-sala-bam.de\/wp-content\/uploads\/2019\/11\/shutterstock_307506314-300x200.jpeg 300w, https:\/\/sim-sala-bam.de\/wp-content\/uploads\/2019\/11\/shutterstock_307506314-768x512.jpeg 768w, https:\/\/sim-sala-bam.de\/wp-content\/uploads\/2019\/11\/shutterstock_307506314.jpeg 1280w\" sizes=\"auto, (max-width: 1024px) 100vw, 1024px\" \/><\/figure>\n","protected":false},"excerpt":{"rendered":"<p>Metallsalze, besonders Alkalimetallsalze, haben eine f\u00fcr sie typische Farbe, wenn man sie in eine Flamme h\u00e4lt. Jedes dieser Salze sieht anderes aus &#8211; dies gilt auch f\u00fcr die molekulare Ebene (also f\u00fcr die ganz ganz ganz kleinen Teilchen, aus denen die Salze bestehen). Da sie so verschieden aussehen, haben sie alle eine andere Farbe, wenn &#8230; <a title=\"Bengalisches Feuer (f\u00fcr kleine Forscher)\" class=\"read-more\" href=\"https:\/\/sim-sala-bam.de\/?page_id=215\" aria-label=\"Mehr Informationen \u00fcber Bengalisches Feuer (f\u00fcr kleine Forscher)\">Weiterlesen<\/a><\/p>\n","protected":false},"author":1,"featured_media":0,"parent":0,"menu_order":0,"comment_status":"closed","ping_status":"closed","template":"","meta":{"footnotes":""},"class_list":["post-215","page","type-page","status-publish"],"_links":{"self":[{"href":"https:\/\/sim-sala-bam.de\/index.php?rest_route=\/wp\/v2\/pages\/215","targetHints":{"allow":["GET"]}}],"collection":[{"href":"https:\/\/sim-sala-bam.de\/index.php?rest_route=\/wp\/v2\/pages"}],"about":[{"href":"https:\/\/sim-sala-bam.de\/index.php?rest_route=\/wp\/v2\/types\/page"}],"author":[{"embeddable":true,"href":"https:\/\/sim-sala-bam.de\/index.php?rest_route=\/wp\/v2\/users\/1"}],"replies":[{"embeddable":true,"href":"https:\/\/sim-sala-bam.de\/index.php?rest_route=%2Fwp%2Fv2%2Fcomments&post=215"}],"version-history":[{"count":5,"href":"https:\/\/sim-sala-bam.de\/index.php?rest_route=\/wp\/v2\/pages\/215\/revisions"}],"predecessor-version":[{"id":255,"href":"https:\/\/sim-sala-bam.de\/index.php?rest_route=\/wp\/v2\/pages\/215\/revisions\/255"}],"wp:attachment":[{"href":"https:\/\/sim-sala-bam.de\/index.php?rest_route=%2Fwp%2Fv2%2Fmedia&parent=215"}],"curies":[{"name":"wp","href":"https:\/\/api.w.org\/{rel}","templated":true}]}}