{"id":192,"date":"2019-11-27T19:23:31","date_gmt":"2019-11-27T19:23:31","guid":{"rendered":"http:\/\/sim-sala-bam.de\/?page_id=192"},"modified":"2019-11-30T06:27:05","modified_gmt":"2019-11-30T06:27:05","slug":"kupferflamme-fuer-kinder-2","status":"publish","type":"page","link":"https:\/\/sim-sala-bam.de\/?page_id=192","title":{"rendered":"Drachenfeuer &#8211; Befreie den Drachen (f\u00fcr kleine Forscher)"},"content":{"rendered":"\n<div class=\"wp-block-media-text alignwide\"><figure class=\"wp-block-media-text__media\"><img loading=\"lazy\" decoding=\"async\" width=\"768\" height=\"1024\" src=\"http:\/\/sim-sala-bam.de\/wp-content\/uploads\/2019\/11\/maskottchen-768x1024.png\" alt=\"\" class=\"wp-image-225\" srcset=\"https:\/\/sim-sala-bam.de\/wp-content\/uploads\/2019\/11\/maskottchen-768x1024.png 768w, https:\/\/sim-sala-bam.de\/wp-content\/uploads\/2019\/11\/maskottchen-225x300.png 225w, https:\/\/sim-sala-bam.de\/wp-content\/uploads\/2019\/11\/maskottchen-1152x1536.png 1152w, https:\/\/sim-sala-bam.de\/wp-content\/uploads\/2019\/11\/maskottchen-1536x2048.png 1536w, https:\/\/sim-sala-bam.de\/wp-content\/uploads\/2019\/11\/maskottchen-scaled.png 1920w\" sizes=\"auto, (max-width: 768px) 100vw, 768px\" \/><\/figure><div class=\"wp-block-media-text__content\">\n<p class=\"has-normal-font-size\"><strong>Geschichte<\/strong><\/p>\n\n\n\n<p class=\"has-normal-font-size\">Eine alte Legende besagt, dass man die Seele eines Drachen nur befreien kann, wenn man den Namen des Drachen in einer Zeremonie des Feuers verbrennt. Dies ist jedoch noch nie einem Zauberer gelungen bis zwei junge Lehrlinge das Geheimnis gel\u00fcftet haben. Sie schrieben den Namen ihres Drachen auf ein einfaches St\u00fcck Aluminiumfolie und haben das in ein Gef\u00e4\u00df mit einem sauren Elixier gegeben. Als man nun das ganze entz\u00fcndet hat, sah man wie die Seele des Drachen befreit wurde. Und nun wollen die Zauberer endlich aller Welt erkl\u00e4ren, wie das funktioniert.<\/p>\n<\/div><\/div>\n\n\n\n<p><strong>Chemischer Hintergrund:<\/strong><\/p>\n\n\n\n<p>Die gr\u00fcne Fl\u00fcssigkeit am Anfang erh\u00e4lt ihre F\u00e4rbung von einer Verbindung des Metalls Kupfer (Metall, aus dem die r\u00f6tlichen M\u00fcnzen gemacht sind) und des Gases Chlor (Gas, das man im Schwimmbad riecht). Diese Fl\u00fcssigkeit ist dann mit etwas Wasser in dem Gef\u00e4\u00df.<\/p>\n\n\n\n<p>An der Aluminiumfolie bildet sich ein Gas. Dieses Gas ist brennbar. Wenn wir das Feuerzeug in das Gef\u00e4\u00df halten, z\u00fcnden wir genau dieses Gas an. Dadurch wird es in dem Gef\u00e4\u00df sehr hei\u00df.<\/p>\n\n\n\n<p>Durch diese Hitze wird das Kupfer so aufgeladen, dass es gr\u00fcn leuchtet. Ist das Gas aufgebraucht, gibt es auch keine Flamme mehr.<\/p>\n\n\n\n<p>Die dunkle F\u00e4rbung der Fl\u00fcssigkeit am Ende ist das Ergebnis der Verbrennung des Metalls.<\/p>\n\n\n\n<figure class=\"wp-block-image size-large\"><img loading=\"lazy\" decoding=\"async\" width=\"1024\" height=\"683\" src=\"https:\/\/sim-sala-bam.de\/wp-content\/uploads\/2019\/11\/shutterstock_307506314-1024x683.jpeg\" alt=\"\" class=\"wp-image-229\" srcset=\"https:\/\/sim-sala-bam.de\/wp-content\/uploads\/2019\/11\/shutterstock_307506314-1024x683.jpeg 1024w, https:\/\/sim-sala-bam.de\/wp-content\/uploads\/2019\/11\/shutterstock_307506314-300x200.jpeg 300w, https:\/\/sim-sala-bam.de\/wp-content\/uploads\/2019\/11\/shutterstock_307506314-768x512.jpeg 768w, https:\/\/sim-sala-bam.de\/wp-content\/uploads\/2019\/11\/shutterstock_307506314.jpeg 1280w\" sizes=\"auto, (max-width: 1024px) 100vw, 1024px\" \/><\/figure>\n","protected":false},"excerpt":{"rendered":"<p>Geschichte Eine alte Legende besagt, dass man die Seele eines Drachen nur befreien kann, wenn man den Namen des Drachen in einer Zeremonie des Feuers verbrennt. Dies ist jedoch noch nie einem Zauberer gelungen bis zwei junge Lehrlinge das Geheimnis gel\u00fcftet haben. Sie schrieben den Namen ihres Drachen auf ein einfaches St\u00fcck Aluminiumfolie und haben &#8230; <a title=\"Drachenfeuer &#8211; Befreie den Drachen (f\u00fcr kleine Forscher)\" class=\"read-more\" href=\"https:\/\/sim-sala-bam.de\/?page_id=192\" aria-label=\"Mehr Informationen \u00fcber Drachenfeuer &#8211; Befreie den Drachen (f\u00fcr kleine Forscher)\">Weiterlesen<\/a><\/p>\n","protected":false},"author":1,"featured_media":0,"parent":0,"menu_order":0,"comment_status":"closed","ping_status":"closed","template":"","meta":{"footnotes":""},"class_list":["post-192","page","type-page","status-publish"],"_links":{"self":[{"href":"https:\/\/sim-sala-bam.de\/index.php?rest_route=\/wp\/v2\/pages\/192","targetHints":{"allow":["GET"]}}],"collection":[{"href":"https:\/\/sim-sala-bam.de\/index.php?rest_route=\/wp\/v2\/pages"}],"about":[{"href":"https:\/\/sim-sala-bam.de\/index.php?rest_route=\/wp\/v2\/types\/page"}],"author":[{"embeddable":true,"href":"https:\/\/sim-sala-bam.de\/index.php?rest_route=\/wp\/v2\/users\/1"}],"replies":[{"embeddable":true,"href":"https:\/\/sim-sala-bam.de\/index.php?rest_route=%2Fwp%2Fv2%2Fcomments&post=192"}],"version-history":[{"count":7,"href":"https:\/\/sim-sala-bam.de\/index.php?rest_route=\/wp\/v2\/pages\/192\/revisions"}],"predecessor-version":[{"id":253,"href":"https:\/\/sim-sala-bam.de\/index.php?rest_route=\/wp\/v2\/pages\/192\/revisions\/253"}],"wp:attachment":[{"href":"https:\/\/sim-sala-bam.de\/index.php?rest_route=%2Fwp%2Fv2%2Fmedia&parent=192"}],"curies":[{"name":"wp","href":"https:\/\/api.w.org\/{rel}","templated":true}]}}