{"id":188,"date":"2019-11-27T19:23:09","date_gmt":"2019-11-27T19:23:09","guid":{"rendered":"http:\/\/sim-sala-bam.de\/?page_id=188"},"modified":"2019-11-27T19:31:28","modified_gmt":"2019-11-27T19:31:28","slug":"kupferflamme-fuer-kinder","status":"publish","type":"page","link":"https:\/\/sim-sala-bam.de\/?page_id=188","title":{"rendered":"Drachenfeuer &#8211; Befreie den Drachen (f\u00fcr Eltern)"},"content":{"rendered":"\n<p><strong>Geschichte<\/strong><\/p>\n\n\n\n<p>Eine alte Legende besagt, dass man die Seele eines Drachen nur befreien kann, wenn man den Namen des Drachen in einer Zeremonie des Feuers verbrennt. Dies ist jedoch noch nie einem Zauberer gelungen bis zwei junge Lehrlinge das Geheimnis gel\u00fcftet haben. Sie schrieben den Namen ihres Drachen auf ein einfaches St\u00fcck Aluminiumfolie und haben das in ein Gef\u00e4\u00df mit einem sauren Elixier gegeben. Als man nun das ganze entz\u00fcndet hat, sah man wie die Seele des Drachen befreit wurde. Und nun wollen die Zauberer endlich aller Welt erkl\u00e4ren, wie das funktioniert.<\/p>\n\n\n\n<p><strong>Chemischer Hintergrund<\/strong><\/p>\n\n\n\n<p>1. Schritt: Anfangs geben wir Kupfersulfat (CuSO<sub>4<\/sub>) in einen Erlenmeyerkolben. Zu diesem blauen Pulver wird Salzs\u00e4ure (HCl<sub>(aq)<\/sub>) im \u00dcberschuss hinzugef\u00fcgt. Dadurch reagiert das Kupfer mit dem Chlor, sodass die Komplexverbindung [CuCl<sub>4<\/sub>]<sup>2-<\/sup> entsteht, die f\u00fcr die gr\u00fcne F\u00e4rbung verantwortlich ist. In der gleichen Reaktion verbindet sich das Sulfatteilchen (SO<sub>4<\/sub><sup>2-<\/sup>) vom Kupfersulfat mit den S\u00e4ureteilchen (H<sup>+<\/sup>) der Salzs\u00e4ure und es bildet sich Schwefels\u00e4ure (H<sub>2<\/sub>SO<sub>4<\/sub>). <\/p>\n\n\n\n<p>2. Schritt: Durch das Hinzuf\u00fcgen von Aluminiumfolie bildet sich aus der Aluminiumfolie und der Salzs\u00e4ure Wasserstoffgas (H<sub>2<\/sub>) und Aluminiumchlorid (AlCl<sub>3<\/sub>). Ist die Konzentration des Wasserstoffgases nicht mehr ausreichend, erlischt die Flamme.<\/p>\n\n\n\n<p>Die zur\u00fcckgebliebene dunkelrote Fl\u00fcssigkeit besteht aus Aluminiumchlorid, elementarem Kupfer (siehe dritte Gleichung), Schwefels\u00e4ure und S\u00e4ureteilchen. F\u00fcr die r\u00f6tliche F\u00e4rbung ist das Kupfer verantwortlich.<\/p>\n\n\n\n<ol class=\"wp-block-list\"><li>Schritt: CuSO<sub>4(aq)<\/sub>\u00a0+ 4 HCl<sub>(aq)\u00a0<\/sub>\u2192 [CuCl<sub>4<\/sub>]<sup>2-<\/sup> + H<sub>2<\/sub>SO<sub>4(aq)<\/sub> + H<sup>+<\/sup><sub>(aq)<\/sub><\/li><li>Schritt: 2 Al + 6 HCl \u2192 3 H<sub>2 <\/sub>+ 2 AlCl<sub>3<\/sub><\/li><\/ol>\n\n\n\n<p>Entstehung des Kupfers: 2 Al + 3Cu<sup>2+ <\/sup>\u2192 3 Cu + 2 Al<sup>3+<\/sup><\/p>\n","protected":false},"excerpt":{"rendered":"<p>Geschichte Eine alte Legende besagt, dass man die Seele eines Drachen nur befreien kann, wenn man den Namen des Drachen in einer Zeremonie des Feuers verbrennt. Dies ist jedoch noch nie einem Zauberer gelungen bis zwei junge Lehrlinge das Geheimnis gel\u00fcftet haben. Sie schrieben den Namen ihres Drachen auf ein einfaches St\u00fcck Aluminiumfolie und haben &#8230; <a title=\"Drachenfeuer &#8211; Befreie den Drachen (f\u00fcr Eltern)\" class=\"read-more\" href=\"https:\/\/sim-sala-bam.de\/?page_id=188\" aria-label=\"Mehr Informationen \u00fcber Drachenfeuer &#8211; Befreie den Drachen (f\u00fcr Eltern)\">Weiterlesen<\/a><\/p>\n","protected":false},"author":1,"featured_media":0,"parent":0,"menu_order":0,"comment_status":"closed","ping_status":"closed","template":"","meta":{"footnotes":""},"class_list":["post-188","page","type-page","status-publish"],"_links":{"self":[{"href":"https:\/\/sim-sala-bam.de\/index.php?rest_route=\/wp\/v2\/pages\/188","targetHints":{"allow":["GET"]}}],"collection":[{"href":"https:\/\/sim-sala-bam.de\/index.php?rest_route=\/wp\/v2\/pages"}],"about":[{"href":"https:\/\/sim-sala-bam.de\/index.php?rest_route=\/wp\/v2\/types\/page"}],"author":[{"embeddable":true,"href":"https:\/\/sim-sala-bam.de\/index.php?rest_route=\/wp\/v2\/users\/1"}],"replies":[{"embeddable":true,"href":"https:\/\/sim-sala-bam.de\/index.php?rest_route=%2Fwp%2Fv2%2Fcomments&post=188"}],"version-history":[{"count":3,"href":"https:\/\/sim-sala-bam.de\/index.php?rest_route=\/wp\/v2\/pages\/188\/revisions"}],"predecessor-version":[{"id":197,"href":"https:\/\/sim-sala-bam.de\/index.php?rest_route=\/wp\/v2\/pages\/188\/revisions\/197"}],"wp:attachment":[{"href":"https:\/\/sim-sala-bam.de\/index.php?rest_route=%2Fwp%2Fv2%2Fmedia&parent=188"}],"curies":[{"name":"wp","href":"https:\/\/api.w.org\/{rel}","templated":true}]}}