{"id":18,"date":"2019-11-01T10:15:02","date_gmt":"2019-11-01T10:15:02","guid":{"rendered":"http:\/\/sim-sala-bam.de\/?page_id=18"},"modified":"2019-11-30T06:07:58","modified_gmt":"2019-11-30T06:07:58","slug":"experiment-a","status":"publish","type":"page","link":"https:\/\/sim-sala-bam.de\/?page_id=18","title":{"rendered":"Geheimtinte &#8211; Secretum atramento (f\u00fcr kleine Forscher)"},"content":{"rendered":"\n<figure class=\"wp-block-table\"><table class=\"has-subtle-pale-blue-background-color has-background\"><tbody><tr><td>Rubinschrift<\/td><td>Saphirschrift<\/td><td>Feuerschrift<\/td><\/tr><tr><td>1.) Rubinpulver wird mit Wasser gemischt&nbsp;<br>2.) die geheime&nbsp;Botschaft wird auf einem leeren Pergament verfasst&nbsp;<br>3.) nachdem die Nachricht verfasst wurde, wird eine Entwicklerl\u00f6sung auf das leere Pergament gepinselt&nbsp;<br>4.) Sim-sala-bam! Die Rubinschrift wird sichtbar<\/td><td>1.) Saphirpulver wird mit Wasser gemischt&nbsp;<br>2.) die geheime Botschaft wird auf einem leeren Pergament verfasst&nbsp;<br>3.) nachdem die Nachricht verfasst wurde, wird eine Entwicklerl\u00f6sung auf das leere Pergament gepinselt&nbsp;<br>4.) Sim-sala-bam! Die Saphirschrift wird sichtbar<\/td><td>1.) Zitronensaft (Feuertinte) wird auf ein Pergament gegeben&nbsp;<br>2.) Pergament wird \u00fcber eine Kerze gehalten&nbsp;<br>3.) Sim-sala-bam! Die Feuerschrift wird sichtbar<\/td><\/tr><\/tbody><\/table><\/figure>\n\n\n\n<div class=\"wp-block-media-text alignwide\"><figure class=\"wp-block-media-text__media\"><img loading=\"lazy\" decoding=\"async\" width=\"768\" height=\"1024\" src=\"http:\/\/sim-sala-bam.de\/wp-content\/uploads\/2019\/11\/maskottchen-768x1024.png\" alt=\"\" class=\"wp-image-225\" srcset=\"https:\/\/sim-sala-bam.de\/wp-content\/uploads\/2019\/11\/maskottchen-768x1024.png 768w, https:\/\/sim-sala-bam.de\/wp-content\/uploads\/2019\/11\/maskottchen-225x300.png 225w, https:\/\/sim-sala-bam.de\/wp-content\/uploads\/2019\/11\/maskottchen-1152x1536.png 1152w, https:\/\/sim-sala-bam.de\/wp-content\/uploads\/2019\/11\/maskottchen-1536x2048.png 1536w, https:\/\/sim-sala-bam.de\/wp-content\/uploads\/2019\/11\/maskottchen-scaled.png 1920w\" sizes=\"auto, (max-width: 768px) 100vw, 768px\" \/><\/figure><div class=\"wp-block-media-text__content\">\n<p>Rubinschrift:&nbsp;<\/p>\n\n\n\n<ul class=\"wp-block-list\"><li>Wenn man das Rubinpulver mit dem Wasser mischt, verbinden sich die kleinen Teilchen des Pulvers mit denen des Wassers und eine fl\u00fcssige Tinte entsteht\u2192 diese Tinte ist farblos<\/li><\/ul>\n\n\n\n<ul class=\"wp-block-list\"><li>Wenn die Fl\u00fcssigkeit nun mit der Entwicklerl\u00f6sung bestrichen wird, verbinden sich die Teilchen in den beiden L\u00f6sungen, wodurch eine rote F\u00e4rbung der zuvor aufgeschriebenen Tinte entsteht<\/li><\/ul>\n\n\n\n<p>Saphirschrift:&nbsp;<\/p>\n\n\n\n<ul class=\"wp-block-list\"><li>wenn man das Saphirpulver mit Wasser mischt, verbinden sich die kleinen Teilchen des Pulvers mit denen des Wassers und eine fl\u00fcssige Tinte entsteht \u2192 diese Tinte ist farblos<\/li><\/ul>\n\n\n\n<ul class=\"wp-block-list\"><li>wenn die Fl\u00fcssigkeit nun mit der Entwicklerl\u00f6sung bestrichen wird, verbinden sich die Teilchen in den beiden L\u00f6sungen, wodurch eine blaue F\u00e4rbung der zuvor aufgeschriebenen Tinte entsteht<\/li><\/ul>\n\n\n\n<p>Feuerschrift:<\/p>\n\n\n\n<ul class=\"wp-block-list\"><li>wenn man den Zitronensaft (Feuertinte) auf ein Pergament gibt, es trocknen l\u00e4sst und dieses nun \u00fcber eine Kerze h\u00e4lt, verkohlen die kleinen Teilchen des Zitronensaftes wodurch eine br\u00e4unlich, verkohlte F\u00e4rbung entsteht<\/li><\/ul>\n<\/div><\/div>\n\n\n\n<figure class=\"wp-block-image size-large\"><img loading=\"lazy\" decoding=\"async\" width=\"1024\" height=\"683\" src=\"http:\/\/sim-sala-bam.de\/wp-content\/uploads\/2019\/11\/shutterstock_307506314-1024x683.jpeg\" alt=\"\" class=\"wp-image-229\" srcset=\"https:\/\/sim-sala-bam.de\/wp-content\/uploads\/2019\/11\/shutterstock_307506314-1024x683.jpeg 1024w, https:\/\/sim-sala-bam.de\/wp-content\/uploads\/2019\/11\/shutterstock_307506314-300x200.jpeg 300w, https:\/\/sim-sala-bam.de\/wp-content\/uploads\/2019\/11\/shutterstock_307506314-768x512.jpeg 768w, https:\/\/sim-sala-bam.de\/wp-content\/uploads\/2019\/11\/shutterstock_307506314.jpeg 1280w\" sizes=\"auto, (max-width: 1024px) 100vw, 1024px\" \/><\/figure>\n","protected":false},"excerpt":{"rendered":"<p>Rubinschrift Saphirschrift Feuerschrift 1.) Rubinpulver wird mit Wasser gemischt&nbsp;2.) die geheime&nbsp;Botschaft wird auf einem leeren Pergament verfasst&nbsp;3.) nachdem die Nachricht verfasst wurde, wird eine Entwicklerl\u00f6sung auf das leere Pergament gepinselt&nbsp;4.) Sim-sala-bam! Die Rubinschrift wird sichtbar 1.) Saphirpulver wird mit Wasser gemischt&nbsp;2.) die geheime Botschaft wird auf einem leeren Pergament verfasst&nbsp;3.) nachdem die Nachricht verfasst wurde, &#8230; <a title=\"Geheimtinte &#8211; Secretum atramento (f\u00fcr kleine Forscher)\" class=\"read-more\" href=\"https:\/\/sim-sala-bam.de\/?page_id=18\" aria-label=\"Mehr Informationen \u00fcber Geheimtinte &#8211; Secretum atramento (f\u00fcr kleine Forscher)\">Weiterlesen<\/a><\/p>\n","protected":false},"author":1,"featured_media":0,"parent":0,"menu_order":0,"comment_status":"closed","ping_status":"closed","template":"","meta":{"footnotes":""},"class_list":["post-18","page","type-page","status-publish"],"_links":{"self":[{"href":"https:\/\/sim-sala-bam.de\/index.php?rest_route=\/wp\/v2\/pages\/18","targetHints":{"allow":["GET"]}}],"collection":[{"href":"https:\/\/sim-sala-bam.de\/index.php?rest_route=\/wp\/v2\/pages"}],"about":[{"href":"https:\/\/sim-sala-bam.de\/index.php?rest_route=\/wp\/v2\/types\/page"}],"author":[{"embeddable":true,"href":"https:\/\/sim-sala-bam.de\/index.php?rest_route=\/wp\/v2\/users\/1"}],"replies":[{"embeddable":true,"href":"https:\/\/sim-sala-bam.de\/index.php?rest_route=%2Fwp%2Fv2%2Fcomments&post=18"}],"version-history":[{"count":13,"href":"https:\/\/sim-sala-bam.de\/index.php?rest_route=\/wp\/v2\/pages\/18\/revisions"}],"predecessor-version":[{"id":248,"href":"https:\/\/sim-sala-bam.de\/index.php?rest_route=\/wp\/v2\/pages\/18\/revisions\/248"}],"wp:attachment":[{"href":"https:\/\/sim-sala-bam.de\/index.php?rest_route=%2Fwp%2Fv2%2Fmedia&parent=18"}],"curies":[{"name":"wp","href":"https:\/\/api.w.org\/{rel}","templated":true}]}}