{"id":172,"date":"2019-11-26T17:13:56","date_gmt":"2019-11-26T17:13:56","guid":{"rendered":"http:\/\/sim-sala-bam.de\/?page_id=172"},"modified":"2019-11-30T06:26:31","modified_gmt":"2019-11-30T06:26:31","slug":"blue-bottle-experiment-eltern","status":"publish","type":"page","link":"https:\/\/sim-sala-bam.de\/?page_id=172","title":{"rendered":"Das magische Elixier (f\u00fcr Eltern)"},"content":{"rendered":"\n<p>Du hast wahrscheinlich beobachtet, dass sich durch das Sch\u00fctteln einer Flasche mit einem \u201emagischen\u201c Inhalt die Farbe der Fl\u00fcssigkeit von durchsichtig zu beispielsweise blau ver\u00e4ndert. Je l\u00e4nger man die Flasche sch\u00fcttelt, desto l\u00e4nger nimmt die Fl\u00fcssigkeit die \u201emagische\u201c Farbe an.<\/p>\n\n\n\n<p><strong>Was passiert wenn man die Flasche sch\u00fcttelt?<\/strong><\/p>\n\n\n\n<p>Daf\u00fcr sollten wir uns zuerst \u00fcberlegen, was in der Flasche drin ist. Da wir die Flasche nicht bis nach ganz oben gef\u00fcllt haben, ist nat\u00fcrlich noch unsere ach so langweilige Atemluft in der Flasche enthalten, und dann, wie du sicher gesehen hast, auch noch unsere \u201emagische\u201c Fl\u00fcssigkeit.&nbsp;<\/p>\n\n\n\n<p>Jedoch besteht auch unsere \u201emagische\u201c Fl\u00fcssigkeit nicht nur aus Magie, sondern aus vielen coolen, verschiedenen chemischen Stoffen, die zusammen eine super coole und farbvolle Reaktion erzeugen.&nbsp;<\/p>\n\n\n\n<p>Da wir euch vertrauen, dass ihr nur Gutes mit der \u201emagischen Fl\u00fcssigkeit\u201c vorhabt wollen wir euch unser Geheimrezept verraten.&nbsp;<br>5 g NaOH-Pl\u00e4tzchen&nbsp;<br>40 g Traubenzucker<br>400 mL Wasser&nbsp;<br>und die Geheimzutat: 5 mL Methylenblaul\u00f6sung<\/p>\n\n\n\n<p><strong>Was geschieht, wenn man alles zusammenmischt?\t<\/strong><\/p>\n\n\n\n<p>Es laufen drei verschiedene,  aber ebenso wichtige Reaktionen ab.\u00a0<\/p>\n\n\n\n<p>1. Reaktion: Das Methylenblau reagiert zuerst mit dem Wasser, welches wir am Anfang mit hinzugegeben haben. Dabei geht ein H-Atom aus dem Wasser-Molek\u00fcl zum Methylenblau-Molek\u00fcl und h\u00e4lt sich an seinem N-Atom fest. Das andere H-Atom geht lieber zum Wasser-Molek\u00fcl und h\u00e4lt sich an diesem fest.\u00a0<\/p>\n\n\n\n<p>2. Reaktion: Auch der Traubenzucker reagiert mit dem Wasser. Das Wasser-Molek\u00fcl bekommt wieder ein H-Atom, wie in der vorherigen Reaktion auch. Der Rest h\u00e4ngt sich an das Traubenzucker-Molek\u00fcl.<\/p>\n\n\n\n<p>3. Reaktion: In dieser Reaktion sehen wir, warum sich die Farbe der Fl\u00fcssigkeit \u00e4ndert. Das Produkt der 2. Reaktion verbindet sich mit dem Sauerstoff in der Flasche. Dabei trennt sich das H-Atom wieder von dem Methylblau-Molek\u00fcl und verbindet sich mit dem Sauerstoff-Molek\u00fcl aus der Luft zu Wasser.\u00a0<\/p>\n","protected":false},"excerpt":{"rendered":"<p>Du hast wahrscheinlich beobachtet, dass sich durch das Sch\u00fctteln einer Flasche mit einem \u201emagischen\u201c Inhalt die Farbe der Fl\u00fcssigkeit von durchsichtig zu beispielsweise blau ver\u00e4ndert. Je l\u00e4nger man die Flasche sch\u00fcttelt, desto l\u00e4nger nimmt die Fl\u00fcssigkeit die \u201emagische\u201c Farbe an. Was passiert wenn man die Flasche sch\u00fcttelt? Daf\u00fcr sollten wir uns zuerst \u00fcberlegen, was in &#8230; <a title=\"Das magische Elixier (f\u00fcr Eltern)\" class=\"read-more\" href=\"https:\/\/sim-sala-bam.de\/?page_id=172\" aria-label=\"Mehr Informationen \u00fcber Das magische Elixier (f\u00fcr Eltern)\">Weiterlesen<\/a><\/p>\n","protected":false},"author":1,"featured_media":0,"parent":0,"menu_order":0,"comment_status":"closed","ping_status":"closed","template":"","meta":{"footnotes":""},"class_list":["post-172","page","type-page","status-publish"],"_links":{"self":[{"href":"https:\/\/sim-sala-bam.de\/index.php?rest_route=\/wp\/v2\/pages\/172","targetHints":{"allow":["GET"]}}],"collection":[{"href":"https:\/\/sim-sala-bam.de\/index.php?rest_route=\/wp\/v2\/pages"}],"about":[{"href":"https:\/\/sim-sala-bam.de\/index.php?rest_route=\/wp\/v2\/types\/page"}],"author":[{"embeddable":true,"href":"https:\/\/sim-sala-bam.de\/index.php?rest_route=\/wp\/v2\/users\/1"}],"replies":[{"embeddable":true,"href":"https:\/\/sim-sala-bam.de\/index.php?rest_route=%2Fwp%2Fv2%2Fcomments&post=172"}],"version-history":[{"count":3,"href":"https:\/\/sim-sala-bam.de\/index.php?rest_route=\/wp\/v2\/pages\/172\/revisions"}],"predecessor-version":[{"id":252,"href":"https:\/\/sim-sala-bam.de\/index.php?rest_route=\/wp\/v2\/pages\/172\/revisions\/252"}],"wp:attachment":[{"href":"https:\/\/sim-sala-bam.de\/index.php?rest_route=%2Fwp%2Fv2%2Fmedia&parent=172"}],"curies":[{"name":"wp","href":"https:\/\/api.w.org\/{rel}","templated":true}]}}