{"id":167,"date":"2019-11-26T17:13:13","date_gmt":"2019-11-26T17:13:13","guid":{"rendered":"http:\/\/sim-sala-bam.de\/?page_id=167"},"modified":"2019-11-30T07:33:14","modified_gmt":"2019-11-30T07:33:14","slug":"der-magische-rauch-eltern","status":"publish","type":"page","link":"https:\/\/sim-sala-bam.de\/?page_id=167","title":{"rendered":"Der Flaschengeist (f\u00fcr Eltern)"},"content":{"rendered":"\n<p>Wie du gerade gesehen hast, haben in unserer kleinen Rauchfabrik zwei Fl\u00fcssigkeiten miteinander reagiert. Hier erkl\u00e4ren wir, wie das m\u00f6glich war, zumal die beiden Fl\u00fcssigkeiten nicht direkt in Kontakt miteinander gekommen sind<\/p>\n\n\n\n<p>Am besten fangen wir damit an, zu beschreiben, was man zu Beginn, vor der Rauchentwicklung beobachten konnte. Zwei farblose Fl\u00fcssigkeiten waren beteiligt. Eine davon hatte einen starken Geruch. Diese war Ammoniak (NH<sub>3<\/sub>), die andere Fl\u00fcssigkeit war Salzs\u00e4ure (HCl). Die Salzs\u00e4ure wurde nun auf einen Bierdeckel gegeben, der Ammoniak in ein Reagenzglas.<\/p>\n\n\n\n<p>Der n\u00e4chste Schritt ist es zu erkl\u00e4ren, warum sich Rauch gebildet hat .Die Antwort ist ganz einfach. Nachdem der Bierdeckel auf das Reagenzglas gelegt wurde &#8230; entstand Magie! &#8211; oder auch nicht. Nat\u00fcrlich gibt es daf\u00fcr eine logische chemische Erkl\u00e4rung: Ammoniak und Salzs\u00e4ure haben zu Ammoniumchlorid reagiert; als Gleichung: NH<sub>3<\/sub> + HCl \u2192 NH<sub>4<\/sub>Cl<\/p>\n\n\n\n<p>Dass die beiden Stoffe \u00fcberhaupt ohne direkten Kontakt miteinander reagieren konnten l\u00e4sst sich mit einem Vergleich erkl\u00e4ren. W\u00e4sche wird nach dem Waschen auf eine W\u00e4scheleine zum Trocknen aufgeh\u00e4ngt. Doch wie verl\u00e4sst das Wasser die W\u00e4sche? Magie? Nein! Es verdunstet. Das wei\u00df doch jeder! Es verl\u00e4sst die W\u00e4sche in Form von Wasserdampf.<\/p>\n\n\n\n<p>Dasselbe ist mit der Salzs\u00e4ure und dem Ammoniak passiert. Beide Stoffe sind verdunstet, f\u00fcllen nun das Reagenzglas mit Ammoniak- bzw. Salzs\u00e4ure-Gas. Das erkl\u00e4rt im \u00dcbrigen auch, weshalb man den Ammoniak riechen konnte, obwohl sich die Fl\u00fcssigkeit ein ganzes St\u00fcck von der Nase entfernt befand. Diese beiden Gase treffen nun aufeinander und reagieren zu Ammoniumchlorid (NH<sub>4<\/sub>Cl), einem Salz.<\/p>\n\n\n\n<p>Das Ammoniumchlorid liegt nun ganz fein verteilt vor. Seine Teilchen schweben in der Luft. Diese kleinen Teilchen sind jedoch noch nicht f\u00fcr uns sichtbar. Die Sichtbarkeit entsteht erst, wenn einige Teilchen aufeinander treffen und zahlreiche kleine Salzkristalle bilden. Diese Kristalle wachsen nun und werden so gro\u00df, dass sie f\u00fcr uns sichtbar werden.<\/p>\n\n\n\n<p>Wer gut hingeschaut hat, hat nach dem Versuch beim Abnehmen des Bierdeckels eine wei\u00dfe Substanz auf diesem entdecken k\u00f6nnen. Dabei handelt es sich um die gerade beschriebenen Ammoniumchlorid-Kristalle. Diese haben sich auf dem Bierdeckel abgesetzt und sind dort weiter gewachsen, sogar so weit, dass sie zu schwer zum Fliegen sind.<\/p>\n","protected":false},"excerpt":{"rendered":"<p>Wie du gerade gesehen hast, haben in unserer kleinen Rauchfabrik zwei Fl\u00fcssigkeiten miteinander reagiert. Hier erkl\u00e4ren wir, wie das m\u00f6glich war, zumal die beiden Fl\u00fcssigkeiten nicht direkt in Kontakt miteinander gekommen sind Am besten fangen wir damit an, zu beschreiben, was man zu Beginn, vor der Rauchentwicklung beobachten konnte. Zwei farblose Fl\u00fcssigkeiten waren beteiligt. Eine &#8230; <a title=\"Der Flaschengeist (f\u00fcr Eltern)\" class=\"read-more\" href=\"https:\/\/sim-sala-bam.de\/?page_id=167\" aria-label=\"Mehr Informationen \u00fcber Der Flaschengeist (f\u00fcr Eltern)\">Weiterlesen<\/a><\/p>\n","protected":false},"author":1,"featured_media":0,"parent":0,"menu_order":0,"comment_status":"closed","ping_status":"closed","template":"","meta":{"footnotes":""},"class_list":["post-167","page","type-page","status-publish"],"_links":{"self":[{"href":"https:\/\/sim-sala-bam.de\/index.php?rest_route=\/wp\/v2\/pages\/167","targetHints":{"allow":["GET"]}}],"collection":[{"href":"https:\/\/sim-sala-bam.de\/index.php?rest_route=\/wp\/v2\/pages"}],"about":[{"href":"https:\/\/sim-sala-bam.de\/index.php?rest_route=\/wp\/v2\/types\/page"}],"author":[{"embeddable":true,"href":"https:\/\/sim-sala-bam.de\/index.php?rest_route=\/wp\/v2\/users\/1"}],"replies":[{"embeddable":true,"href":"https:\/\/sim-sala-bam.de\/index.php?rest_route=%2Fwp%2Fv2%2Fcomments&post=167"}],"version-history":[{"count":4,"href":"https:\/\/sim-sala-bam.de\/index.php?rest_route=\/wp\/v2\/pages\/167\/revisions"}],"predecessor-version":[{"id":259,"href":"https:\/\/sim-sala-bam.de\/index.php?rest_route=\/wp\/v2\/pages\/167\/revisions\/259"}],"wp:attachment":[{"href":"https:\/\/sim-sala-bam.de\/index.php?rest_route=%2Fwp%2Fv2%2Fmedia&parent=167"}],"curies":[{"name":"wp","href":"https:\/\/api.w.org\/{rel}","templated":true}]}}