{"id":155,"date":"2019-11-11T15:10:19","date_gmt":"2019-11-11T15:10:19","guid":{"rendered":"http:\/\/sim-sala-bam.de\/?page_id=155"},"modified":"2019-11-28T15:36:28","modified_gmt":"2019-11-28T15:36:28","slug":"der-chemische-garten-2","status":"publish","type":"page","link":"https:\/\/sim-sala-bam.de\/?page_id=155","title":{"rendered":"Merlins Unterwassergarten (f\u00fcr Eltern)"},"content":{"rendered":"\n<p>Die vorliegende Fl\u00fcssigkeit ist das sogenannte (Natron-)Wasserglas.<br>Man stellt es her, indem man fein pulverisierten Quarz mit festem Natriumhydroxid erhitzt und in Wasser oder Natronlauge l\u00f6st.<\/p>\n\n\n\n<p>In diese Fl\u00fcssigkeit wird bei dem Experiment ein Salzkristall geworfen. Die darin enthaltenen Silikat-Anionen bilden mit dem Metall-Kationen der oben angef\u00fchrten Salze schwerl\u00f6sliche Verbindungen. Die freigesetzten Metall-Ionen reagieren zu Metall-Silikaten, die eine H\u00fclle um den Kristall bilden. Diese H\u00fclle wirkt wie eine halbdurchl\u00e4ssige Membran, die zwar Wasser hineinl\u00e4sst, aber nicht wieder heraus, wodurch sich ein osmotischer Druck aufbaut. Die Silikathaut bl\u00e4ht sich so lange auf, bis sie am oberen Teil aufplatzt.<\/p>\n\n\n\n<p>Es flie\u00dft Metallsalzl\u00f6sung heraus, die wieder eine neue Haut bildet. Dieser Prozess wiederholt sich so lange, bis die &#8222;Pflanze&#8220; an der Oberfl\u00e4che ankommt.<br>Die Pflanze steigt nach oben, da Gasbl\u00e4schen freigesetzt wurden, die f\u00fcr den Auftrieb sorgen. Dabei handelt es sich um Luft, die sich bei der Kristallisation in den sich bildenden Salzkristallen eingeschlossen wurde und die beim L\u00f6sen wieder freigesetzt wird.<\/p>\n","protected":false},"excerpt":{"rendered":"<p>Die vorliegende Fl\u00fcssigkeit ist das sogenannte (Natron-)Wasserglas.Man stellt es her, indem man fein pulverisierten Quarz mit festem Natriumhydroxid erhitzt und in Wasser oder Natronlauge l\u00f6st. In diese Fl\u00fcssigkeit wird bei dem Experiment ein Salzkristall geworfen. Die darin enthaltenen Silikat-Anionen bilden mit dem Metall-Kationen der oben angef\u00fchrten Salze schwerl\u00f6sliche Verbindungen. Die freigesetzten Metall-Ionen reagieren zu Metall-Silikaten, &#8230; <a title=\"Merlins Unterwassergarten (f\u00fcr Eltern)\" class=\"read-more\" href=\"https:\/\/sim-sala-bam.de\/?page_id=155\" aria-label=\"Mehr Informationen \u00fcber Merlins Unterwassergarten (f\u00fcr Eltern)\">Weiterlesen<\/a><\/p>\n","protected":false},"author":1,"featured_media":0,"parent":0,"menu_order":0,"comment_status":"closed","ping_status":"closed","template":"","meta":{"footnotes":""},"class_list":["post-155","page","type-page","status-publish"],"_links":{"self":[{"href":"https:\/\/sim-sala-bam.de\/index.php?rest_route=\/wp\/v2\/pages\/155","targetHints":{"allow":["GET"]}}],"collection":[{"href":"https:\/\/sim-sala-bam.de\/index.php?rest_route=\/wp\/v2\/pages"}],"about":[{"href":"https:\/\/sim-sala-bam.de\/index.php?rest_route=\/wp\/v2\/types\/page"}],"author":[{"embeddable":true,"href":"https:\/\/sim-sala-bam.de\/index.php?rest_route=\/wp\/v2\/users\/1"}],"replies":[{"embeddable":true,"href":"https:\/\/sim-sala-bam.de\/index.php?rest_route=%2Fwp%2Fv2%2Fcomments&post=155"}],"version-history":[{"count":2,"href":"https:\/\/sim-sala-bam.de\/index.php?rest_route=\/wp\/v2\/pages\/155\/revisions"}],"predecessor-version":[{"id":223,"href":"https:\/\/sim-sala-bam.de\/index.php?rest_route=\/wp\/v2\/pages\/155\/revisions\/223"}],"wp:attachment":[{"href":"https:\/\/sim-sala-bam.de\/index.php?rest_route=%2Fwp%2Fv2%2Fmedia&parent=155"}],"curies":[{"name":"wp","href":"https:\/\/api.w.org\/{rel}","templated":true}]}}