{"id":144,"date":"2019-11-11T15:05:12","date_gmt":"2019-11-11T15:05:12","guid":{"rendered":"http:\/\/sim-sala-bam.de\/?page_id=144"},"modified":"2019-11-30T06:02:56","modified_gmt":"2019-11-30T06:02:56","slug":"metallstaeube-in-flamme","status":"publish","type":"page","link":"https:\/\/sim-sala-bam.de\/?page_id=144","title":{"rendered":"Taschenblitz (f\u00fcr Eltern)"},"content":{"rendered":"\n<div class=\"wp-block-media-text alignwide\"><figure class=\"wp-block-media-text__media\"><img loading=\"lazy\" decoding=\"async\" width=\"1024\" height=\"776\" src=\"https:\/\/sim-sala-bam.de\/wp-content\/uploads\/2019\/11\/CCF08112019-1024x776.png\" alt=\"\" class=\"wp-image-242\" srcset=\"https:\/\/sim-sala-bam.de\/wp-content\/uploads\/2019\/11\/CCF08112019-1024x776.png 1024w, https:\/\/sim-sala-bam.de\/wp-content\/uploads\/2019\/11\/CCF08112019-300x227.png 300w, https:\/\/sim-sala-bam.de\/wp-content\/uploads\/2019\/11\/CCF08112019-768x582.png 768w, https:\/\/sim-sala-bam.de\/wp-content\/uploads\/2019\/11\/CCF08112019-1536x1164.png 1536w, https:\/\/sim-sala-bam.de\/wp-content\/uploads\/2019\/11\/CCF08112019.png 1648w\" sizes=\"auto, (max-width: 1024px) 100vw, 1024px\" \/><\/figure><div class=\"wp-block-media-text__content\">\n<p class=\"has-normal-font-size\">Die Brennerflamme liefert die Aktivierungsenergie, welche eine Reaktion (hier: Redoxreaktion) erm\u00f6glicht. Die Metallsp\u00e4ne reagieren mit den Sauerstoffteilchen (O<sub>2<\/sub>) aus der Luft. Diese Reaktion bezeichnet sich als Redoxreaktion, da es sich hier um eine chemische Reaktion mit Sauerstoff handelt, bei der Elektronen  \u00fcbertragen werden. Sauerstoff in einer Redoxreaktion ist das Element, welches Elektronen aufnimmt. Die Flammenfarbe zeigt, wie edel oder unedel ein Element ist. Je wei\u00dfer die Flamme, desto h\u00f6her ist die Sauerstoffaffinit\u00e4t und desto unedler ist das Element.\u00a0<\/p>\n<\/div><\/div>\n\n\n\n<p>Was sind Farben und wie entstehen diese ?&nbsp;<\/p>\n\n\n\n<p>Genau genommen ist alles farblos, denn Gegenst\u00e4nde unterscheiden sich, indem sie unterschiedliche Wellenl\u00e4ngen des Lichts absorbieren bzw. reflektieren. Dies bedeutet, das die Summe aller im Licht der Sonne vorhandenen Wellenl\u00e4ngen sich zu dem Eindruck von wei\u00dfem Licht mischen. Die verschiedenen Gegenst\u00e4nde\/Materialien absorbieren und reflektieren unterschiedliche Wellenl\u00e4ngen, weshalb wir mehrere Farben wahrnehmen.&nbsp;<\/p>\n\n\n\n<p>Eine Farbe ist ein Sinneseindruck, welcher durchs Licht vermittelt wird. Unser Auge erm\u00f6glicht es uns, die verschiedenen Wellenl\u00e4ngen wahrzunehmen. Genaugenommen sind es nicht Wellenl\u00e4ngen, sondern elektromagnetische Strahlungen, die man wahrnimmt.<\/p>\n\n\n\n<p>Weshalb gl\u00fchen die Metallsp\u00e4ne?&nbsp;<\/p>\n\n\n\n<p>Die Metallsp\u00e4ne fangen an zu gl\u00fchen, da sie sich in der Brennerflamme sehr schnell erhitzen.<\/p>\n\n\n\n<p><strong><em>Worterkl\u00e4rungen:<\/em><\/strong><\/p>\n\n\n\n<p><em>Affinit\u00e4t: Neigung von Atomen oder Atomgruppen, sich miteinander zu vereinigen bzw. sich umzusetzen.<\/em><\/p>\n\n\n\n<p><em>Elektronen: Ladungsteilchen eines Atoms<\/em><\/p>\n\n\n\n<figure class=\"wp-block-image size-large\"><img loading=\"lazy\" decoding=\"async\" width=\"1024\" height=\"683\" src=\"http:\/\/sim-sala-bam.de\/wp-content\/uploads\/2019\/11\/shutterstock_307506314-1024x683.jpeg\" alt=\"\" class=\"wp-image-229\" srcset=\"https:\/\/sim-sala-bam.de\/wp-content\/uploads\/2019\/11\/shutterstock_307506314-1024x683.jpeg 1024w, https:\/\/sim-sala-bam.de\/wp-content\/uploads\/2019\/11\/shutterstock_307506314-300x200.jpeg 300w, https:\/\/sim-sala-bam.de\/wp-content\/uploads\/2019\/11\/shutterstock_307506314-768x512.jpeg 768w, https:\/\/sim-sala-bam.de\/wp-content\/uploads\/2019\/11\/shutterstock_307506314.jpeg 1280w\" sizes=\"auto, (max-width: 1024px) 100vw, 1024px\" \/><\/figure>\n","protected":false},"excerpt":{"rendered":"<p>Die Brennerflamme liefert die Aktivierungsenergie, welche eine Reaktion (hier: Redoxreaktion) erm\u00f6glicht. Die Metallsp\u00e4ne reagieren mit den Sauerstoffteilchen (O2) aus der Luft. Diese Reaktion bezeichnet sich als Redoxreaktion, da es sich hier um eine chemische Reaktion mit Sauerstoff handelt, bei der Elektronen \u00fcbertragen werden. Sauerstoff in einer Redoxreaktion ist das Element, welches Elektronen aufnimmt. Die Flammenfarbe &#8230; <a title=\"Taschenblitz (f\u00fcr Eltern)\" class=\"read-more\" href=\"https:\/\/sim-sala-bam.de\/?page_id=144\" aria-label=\"Mehr Informationen \u00fcber Taschenblitz (f\u00fcr Eltern)\">Weiterlesen<\/a><\/p>\n","protected":false},"author":1,"featured_media":0,"parent":0,"menu_order":0,"comment_status":"closed","ping_status":"closed","template":"","meta":{"footnotes":""},"class_list":["post-144","page","type-page","status-publish"],"_links":{"self":[{"href":"https:\/\/sim-sala-bam.de\/index.php?rest_route=\/wp\/v2\/pages\/144","targetHints":{"allow":["GET"]}}],"collection":[{"href":"https:\/\/sim-sala-bam.de\/index.php?rest_route=\/wp\/v2\/pages"}],"about":[{"href":"https:\/\/sim-sala-bam.de\/index.php?rest_route=\/wp\/v2\/types\/page"}],"author":[{"embeddable":true,"href":"https:\/\/sim-sala-bam.de\/index.php?rest_route=\/wp\/v2\/users\/1"}],"replies":[{"embeddable":true,"href":"https:\/\/sim-sala-bam.de\/index.php?rest_route=%2Fwp%2Fv2%2Fcomments&post=144"}],"version-history":[{"count":4,"href":"https:\/\/sim-sala-bam.de\/index.php?rest_route=\/wp\/v2\/pages\/144\/revisions"}],"predecessor-version":[{"id":243,"href":"https:\/\/sim-sala-bam.de\/index.php?rest_route=\/wp\/v2\/pages\/144\/revisions\/243"}],"wp:attachment":[{"href":"https:\/\/sim-sala-bam.de\/index.php?rest_route=%2Fwp%2Fv2%2Fmedia&parent=144"}],"curies":[{"name":"wp","href":"https:\/\/api.w.org\/{rel}","templated":true}]}}