{"id":134,"date":"2019-11-10T08:19:30","date_gmt":"2019-11-10T08:19:30","guid":{"rendered":"http:\/\/sim-sala-bam.de\/?page_id=134"},"modified":"2019-11-30T07:33:31","modified_gmt":"2019-11-30T07:33:31","slug":"geheimtinte","status":"publish","type":"page","link":"https:\/\/sim-sala-bam.de\/?page_id=134","title":{"rendered":"Geheimtinte (f\u00fcr Eltern)"},"content":{"rendered":"\n<figure class=\"wp-block-table\"><table class=\"\"><tbody><tr><td>rote Tinte&nbsp;<\/td><td>blaue Tinte<\/td><\/tr><tr><td>&#8211; Ammoniumthiocyanat&nbsp;<br>-&gt; in destilliertem Wasser gel\u00f6st <br>&#8211; Entwicklerl\u00f6sung (enth\u00e4lt Eisen(III)-chlorid-Hexahydrat)&nbsp;<br><br>Eisen(III)-Salze reagieren mit Thiocyanat-Ionen zu gef\u00e4rbten Komplexen<br><br>NH<sub>4<\/sub>SCN<sub>(aq)<\/sub> + FeCl<sub>3<\/sub>\u30fb6 H<sub>2<\/sub>O <sub>(aq)<\/sub>&nbsp;<br>&#8212;&gt; 3 NH<sub>4<\/sub>Cl + Fe(SCN)<sub>3<\/sub> + 6 H<sub>2<\/sub>O&nbsp;<br><\/td><td>&#8211; Gelbes Blutlaugensalz (Kaliumhexacyanoferrat(III))<br>-&gt; in destilliertem Wasser gel\u00f6st<br>&#8211; Entwicklerl\u00f6sung (Eisen(III)-chlorid-Hexahydrat)&nbsp;<br><br><br><br>Fe<sup>3+<\/sup> + 3 Cl<sup>&#8211;<\/sup> + 4 K<sup>+<\/sup> + [Fe(CN)<sub>6<\/sub>]<sup>4-<\/sup>&nbsp;<br>&#8212;&gt; K[Fe<sup>|||<\/sup>Fe<sup>||<\/sup>(CN)<sub>6<\/sub>] + 3 KCl<\/td><\/tr><\/tbody><\/table><\/figure>\n\n\n\n<p>Beide Reaktionen geh\u00f6ren thematisch zum Bereich der anorganischen Chemie, genauer zur Komplexchemie der Farben.<\/p>\n","protected":false},"excerpt":{"rendered":"<p>rote Tinte&nbsp; blaue Tinte &#8211; Ammoniumthiocyanat&nbsp;-&gt; in destilliertem Wasser gel\u00f6st &#8211; Entwicklerl\u00f6sung (enth\u00e4lt Eisen(III)-chlorid-Hexahydrat)&nbsp; Eisen(III)-Salze reagieren mit Thiocyanat-Ionen zu gef\u00e4rbten Komplexen NH4SCN(aq) + FeCl3\u30fb6 H2O (aq)&nbsp;&#8212;&gt; 3 NH4Cl + Fe(SCN)3 + 6 H2O&nbsp; &#8211; Gelbes Blutlaugensalz (Kaliumhexacyanoferrat(III))-&gt; in destilliertem Wasser gel\u00f6st&#8211; Entwicklerl\u00f6sung (Eisen(III)-chlorid-Hexahydrat)&nbsp; Fe3+ + 3 Cl&#8211; + 4 K+ + [Fe(CN)6]4-&nbsp;&#8212;&gt; K[Fe|||Fe||(CN)6] + 3 &#8230; <a title=\"Geheimtinte (f\u00fcr Eltern)\" class=\"read-more\" href=\"https:\/\/sim-sala-bam.de\/?page_id=134\" aria-label=\"Mehr Informationen \u00fcber Geheimtinte (f\u00fcr Eltern)\">Weiterlesen<\/a><\/p>\n","protected":false},"author":1,"featured_media":0,"parent":0,"menu_order":0,"comment_status":"closed","ping_status":"closed","template":"","meta":{"footnotes":""},"class_list":["post-134","page","type-page","status-publish"],"_links":{"self":[{"href":"https:\/\/sim-sala-bam.de\/index.php?rest_route=\/wp\/v2\/pages\/134","targetHints":{"allow":["GET"]}}],"collection":[{"href":"https:\/\/sim-sala-bam.de\/index.php?rest_route=\/wp\/v2\/pages"}],"about":[{"href":"https:\/\/sim-sala-bam.de\/index.php?rest_route=\/wp\/v2\/types\/page"}],"author":[{"embeddable":true,"href":"https:\/\/sim-sala-bam.de\/index.php?rest_route=\/wp\/v2\/users\/1"}],"replies":[{"embeddable":true,"href":"https:\/\/sim-sala-bam.de\/index.php?rest_route=%2Fwp%2Fv2%2Fcomments&post=134"}],"version-history":[{"count":9,"href":"https:\/\/sim-sala-bam.de\/index.php?rest_route=\/wp\/v2\/pages\/134\/revisions"}],"predecessor-version":[{"id":260,"href":"https:\/\/sim-sala-bam.de\/index.php?rest_route=\/wp\/v2\/pages\/134\/revisions\/260"}],"wp:attachment":[{"href":"https:\/\/sim-sala-bam.de\/index.php?rest_route=%2Fwp%2Fv2%2Fmedia&parent=134"}],"curies":[{"name":"wp","href":"https:\/\/api.w.org\/{rel}","templated":true}]}}